{"id":50,"date":"2011-08-02T13:09:37","date_gmt":"2011-08-02T11:09:37","guid":{"rendered":"http:\/\/www.fsv-dippoldiswalde.de\/wordpress\/?page_id=50"},"modified":"2019-03-10T12:45:45","modified_gmt":"2019-03-10T11:45:45","slug":"sportpark","status":"publish","type":"page","link":"https:\/\/www.fsv-dippoldiswalde.de\/de\/verein\/sportpark\/","title":{"rendered":"Sportpark Dippoldiswalde \/ Anfahrt"},"content":{"rendered":"<h2><span style=\"text-decoration: underline;\">Die Spiel- und Trainingsst\u00e4tte<\/span><\/h2>\n<div>Der alte Mythos \u201eDer Sportplatz an der Vorsperre\u201c wurde leider durch das Jahrhunderthochwasser im August 2002 total zerst\u00f6rt. Seit dem 5.6. 2004 besitzt die Stadt Dippoldiswalde einen modernen und attraktiven Sportpark. Wir, der FSV Dippoldiswalde errichteten darin, als Hauptnutzer, in Eigenleistung unser Vereinsgeb\u00e4ude. Au\u00dferdem gelang es uns die Bedingungen f\u00fcr die Zuschauer durch 75 Sitzpl\u00e4tzen zu verbessern.<\/div>\n<div>&nbsp;<\/div>\n<h3 style=\"text-align: center;\">\n<div class=\"ngg-galleryoverview ngg-slideshow\"\n\tid=\"ngg-slideshow-24d6defaafb494960b246d9cf27d6af9-15605735520\"\n\tdata-gallery-id=\"24d6defaafb494960b246d9cf27d6af9\"\n\tstyle=\"max-width: 700px;\n\t\t\tmax-height: 433px;\n\t\t\tdisplay: none;\">\n\n\t\n\t\t<a href=\"https:\/\/www.fsv-dippoldiswalde.de\/de\/wp-content\/gallery\/sportpark\/532-32201.jpg\"\n\t\t\ttitle=\"\"\n\t\t\tdata-src=\"https:\/\/www.fsv-dippoldiswalde.de\/de\/wp-content\/gallery\/sportpark\/532-32201.jpg\"\n\t\t\tdata-thumbnail=\"https:\/\/www.fsv-dippoldiswalde.de\/de\/wp-content\/gallery\/sportpark\/thumbs\/thumbs_532-32201.jpg\"\n\t\t\tdata-image-id=\"2028\"\n\t\t\tdata-title=\"532-32201\"\n\t\t\tdata-description=\"\"\n\t\t\t\t\t\t\t\t\t\t\t\t\t\t\tclass=\"ngg-fancybox\" rel=\"24d6defaafb494960b246d9cf27d6af9\">\n\t\t\t\n\t\t\t<img data-image-id='2028'\n\t\t\t\ttitle=\"\"\n\t\t\t\talt=\"532-32201\"\n\t\t\t\tsrc=\"https:\/\/www.fsv-dippoldiswalde.de\/de\/wp-content\/gallery\/sportpark\/532-32201.jpg\"\n\t\t\t\tstyle=\"max-height: 413px;\"\/>\n\t\t<\/a>\n\n\t\t\n\t\t<a href=\"https:\/\/www.fsv-dippoldiswalde.de\/de\/wp-content\/gallery\/sportpark\/532-32571.jpg\"\n\t\t\ttitle=\"\"\n\t\t\tdata-src=\"https:\/\/www.fsv-dippoldiswalde.de\/de\/wp-content\/gallery\/sportpark\/532-32571.jpg\"\n\t\t\tdata-thumbnail=\"https:\/\/www.fsv-dippoldiswalde.de\/de\/wp-content\/gallery\/sportpark\/thumbs\/thumbs_532-32571.jpg\"\n\t\t\tdata-image-id=\"2029\"\n\t\t\tdata-title=\"532-32571\"\n\t\t\tdata-description=\"\"\n\t\t\t\t\t\t\t\t\t\t\t\t\t\t\tclass=\"ngg-fancybox\" rel=\"24d6defaafb494960b246d9cf27d6af9\">\n\t\t\t\n\t\t\t<img data-image-id='2029'\n\t\t\t\ttitle=\"\"\n\t\t\t\talt=\"532-32571\"\n\t\t\t\tsrc=\"https:\/\/www.fsv-dippoldiswalde.de\/de\/wp-content\/gallery\/sportpark\/532-32571.jpg\"\n\t\t\t\tstyle=\"max-height: 413px;\"\/>\n\t\t<\/a>\n\n\t\t\n\t\t<a href=\"https:\/\/www.fsv-dippoldiswalde.de\/de\/wp-content\/gallery\/sportpark\/532-32591.jpg\"\n\t\t\ttitle=\"\"\n\t\t\tdata-src=\"https:\/\/www.fsv-dippoldiswalde.de\/de\/wp-content\/gallery\/sportpark\/532-32591.jpg\"\n\t\t\tdata-thumbnail=\"https:\/\/www.fsv-dippoldiswalde.de\/de\/wp-content\/gallery\/sportpark\/thumbs\/thumbs_532-32591.jpg\"\n\t\t\tdata-image-id=\"2030\"\n\t\t\tdata-title=\"532-32591\"\n\t\t\tdata-description=\"\"\n\t\t\t\t\t\t\t\t\t\t\t\t\t\t\tclass=\"ngg-fancybox\" rel=\"24d6defaafb494960b246d9cf27d6af9\">\n\t\t\t\n\t\t\t<img data-image-id='2030'\n\t\t\t\ttitle=\"\"\n\t\t\t\talt=\"532-32591\"\n\t\t\t\tsrc=\"https:\/\/www.fsv-dippoldiswalde.de\/de\/wp-content\/gallery\/sportpark\/532-32591.jpg\"\n\t\t\t\tstyle=\"max-height: 413px;\"\/>\n\t\t<\/a>\n\n\t\t\n\t\t<a href=\"https:\/\/www.fsv-dippoldiswalde.de\/de\/wp-content\/gallery\/sportpark\/532-32721.jpg\"\n\t\t\ttitle=\"\"\n\t\t\tdata-src=\"https:\/\/www.fsv-dippoldiswalde.de\/de\/wp-content\/gallery\/sportpark\/532-32721.jpg\"\n\t\t\tdata-thumbnail=\"https:\/\/www.fsv-dippoldiswalde.de\/de\/wp-content\/gallery\/sportpark\/thumbs\/thumbs_532-32721.jpg\"\n\t\t\tdata-image-id=\"2031\"\n\t\t\tdata-title=\"532-32721\"\n\t\t\tdata-description=\"\"\n\t\t\t\t\t\t\t\t\t\t\t\t\t\t\tclass=\"ngg-fancybox\" rel=\"24d6defaafb494960b246d9cf27d6af9\">\n\t\t\t\n\t\t\t<img data-image-id='2031'\n\t\t\t\ttitle=\"\"\n\t\t\t\talt=\"532-32721\"\n\t\t\t\tsrc=\"https:\/\/www.fsv-dippoldiswalde.de\/de\/wp-content\/gallery\/sportpark\/532-32721.jpg\"\n\t\t\t\tstyle=\"max-height: 413px;\"\/>\n\t\t<\/a>\n\n\t\t<\/div>\n\n\n<\/h3>\n<h3><span style=\"text-decoration: underline;\">Daten : <\/span><\/h3>\n<div>\u2022 Fassungsverm\u00f6gen: 2.000 Zuschauer<\/div>\n<div>\u2022 standardisiertes Hauptfeld Kunstrasenplatz<\/div>\n<div>\u2022 Beschallungseinrichtung<\/div>\n<div>\u2022 Flutlicht<\/div>\n<div>\u2022 Beachvolleyball<\/div>\n<div>\u2022 Vierfelder Sporthalle<\/div>\n<div>\u2022 Kraft- und Fitnessraum<\/div>\n<div>\u2022 Outdoor Rindenmulchlaufstrecke<\/div>\n<div>\u2022 Kegelbahn<\/div>\n<div>\u2022 Eigenes Vereinsgeb\u00e4ude mit gastronomischer Versorung bei allen Heimspielen<\/div>\n<h2><span style=\"text-decoration: underline;\">Anfahrtsweg<\/span><\/h2>\n<div>Sportpark Dippoldiswalde<br \/>\n<span style=\"color: #222222;\">&nbsp;<\/span><span style=\"color: #222222;\">Nikolai-Ostrowski-Stra\u00dfe 2<\/span><br \/>\n01744 Dippoldiswalde<\/div>\n<div style=\"text-align: center;\"><\/div>\n<div style=\"text-align: left;\"><span style=\"text-decoration: underline;\">aus Richtung Dresden:<\/span><br \/>\nAm Ortausgang Oberh\u00e4slich (SEAT-Autohaus) nach rechts<br \/>\nvon der B 170 abbiegen. Nach ca. 1 km (Kreuzung) nach links Richtung<br \/>\nDippoldiswalde fahren. Der Sportpark befindet sich in dem links gelegenen<br \/>\nWohngebiet (2. Einfahrt links, s. Hinweisschild). Gegen\u00fcber der Einfahrt<br \/>\nbefindet sich die Abschleppfirma P\u00f6tzsch.<\/div>\n<div><span style=\"text-decoration: underline;\">aus Richtung Freiberg:<\/span><br \/>\nAus Richtung Freiberg\/Reichst\u00e4dt kommend bis zum Freiberger<br \/>\nPlatz (Kreuzung) fahren. \u00dcber diese Kreuzung&nbsp; gerade fahren (Richtung<br \/>\nStadtzentrum) und nach ca.100 Metern nach links auf die Wei\u00dferitzstra\u00dfe<br \/>\nabbiegen, dann dem Verlauf der Hauptstra\u00dfe&nbsp; (Wei\u00dferitzstra\u00dfe, Gro\u00dfe M\u00fchlstra\u00dfe,<br \/>\nRabenauer Stra\u00dfe)&nbsp; bis zum Neubaugebiet folgen.&nbsp;&nbsp; Dort in die Maxim-Gorki-Stra\u00dfe<br \/>\n(Hinweisschild Sportpark)&nbsp; nach rechts einbiegen.<\/div>\n","protected":false},"excerpt":{"rendered":"<p>Die Spiel- und Trainingsst\u00e4tte Der alte Mythos \u201eDer Sportplatz an der Vorsperre\u201c wurde leider durch das Jahrhunderthochwasser im August 2002&#46;&#46;&#46;<\/p>\n","protected":false},"author":2,"featured_media":0,"parent":30,"menu_order":7,"comment_status":"closed","ping_status":"closed","template":"","meta":{"ngg_post_thumbnail":0,"footnotes":"","_links_to":"","_links_to_target":""},"class_list":["post-50","page","type-page","status-publish","hentry"],"_links":{"self":[{"href":"https:\/\/www.fsv-dippoldiswalde.de\/de\/wp-json\/wp\/v2\/pages\/50","targetHints":{"allow":["GET"]}}],"collection":[{"href":"https:\/\/www.fsv-dippoldiswalde.de\/de\/wp-json\/wp\/v2\/pages"}],"about":[{"href":"https:\/\/www.fsv-dippoldiswalde.de\/de\/wp-json\/wp\/v2\/types\/page"}],"author":[{"embeddable":true,"href":"https:\/\/www.fsv-dippoldiswalde.de\/de\/wp-json\/wp\/v2\/users\/2"}],"replies":[{"embeddable":true,"href":"https:\/\/www.fsv-dippoldiswalde.de\/de\/wp-json\/wp\/v2\/comments?post=50"}],"version-history":[{"count":6,"href":"https:\/\/www.fsv-dippoldiswalde.de\/de\/wp-json\/wp\/v2\/pages\/50\/revisions"}],"predecessor-version":[{"id":31471,"href":"https:\/\/www.fsv-dippoldiswalde.de\/de\/wp-json\/wp\/v2\/pages\/50\/revisions\/31471"}],"up":[{"embeddable":true,"href":"https:\/\/www.fsv-dippoldiswalde.de\/de\/wp-json\/wp\/v2\/pages\/30"}],"wp:attachment":[{"href":"https:\/\/www.fsv-dippoldiswalde.de\/de\/wp-json\/wp\/v2\/media?parent=50"}],"curies":[{"name":"wp","href":"https:\/\/api.w.org\/{rel}","templated":true}]}}