{"id":490,"date":"2011-09-02T15:30:53","date_gmt":"2011-09-02T13:30:53","guid":{"rendered":"http:\/\/www.fsv-dippoldiswalde.de\/wordpress\/?page_id=490"},"modified":"2023-10-30T22:46:32","modified_gmt":"2023-10-30T21:46:32","slug":"impressum","status":"publish","type":"page","link":"https:\/\/www.fsv-dippoldiswalde.de\/de\/verein\/impressum\/","title":{"rendered":"Impressum"},"content":{"rendered":"<h2><span style=\"text-decoration: underline;\">Impressum<\/span><\/h2>\n<p>Internetangebot des Fu\u00dfball-Sport-Verein Dippoldiswalde e.V.<\/p>\n<p>(eingetragen im Vereinsregister des Amtsgerichtes Dresden unter Nr. VR 40545)<\/p>\n<p><strong>Verantwortlich:<\/strong><\/p>\n<p>Verantwortlich im Sinne des Telemediengesetzes (TMG)<\/p>\n<p>Tom Weber (1.Vereinsvorsitzender)<\/p>\n<p>Mobil : 0175 \/ 28 26 493<\/p>\n<p>Gro\u00dfe M\u00fchlstra\u00dfe 17<\/p>\n<p>01744 Dippoldiswalde<\/p>\n<p><strong>Kontakt:<\/strong><\/p>\n<p>E-Mail-Adresse: info(at)fsv-dippoldiswalde.de<\/p>\n<p>URL: http:\/\/www.fsv-dippoldiswalde.de<\/p>\n<p>(siehe Kontaktformular unten)<\/p>\n<p><strong>Vereinsanschift:<\/strong><\/p>\n<p>FSV Dippoldiswalde e.V<\/p>\n<p>Gro\u00dfe M\u00fchlstra\u00dfe 17<\/p>\n<p>01744 Dippoldiswalde<\/p>\n<p><strong>technische Betreuung:<\/strong><\/p>\n<p>Administrator 1: Herr Sch\u00f6n ( E-Mail-Adresse: thomas.schoen(at)fsv-dippoldiswalde.de )<\/p>\n<p>Administrator 2: Herr Dietze (E-Mail-Adresse: td-software(at)kipsdorf.com)<\/p>\n<p><strong>Hinweis:<\/strong><\/p>\n<p>Unsere Berichterstattung erfolgt, sofern nicht anders angegeben oder namentlich gekennzeichnet, \u00fcber Pressemitteilungen verschiedener Organisationen, Unternehmen und Institutionen sowie aus eigener Recherche. Wir \u00fcbernehmen jedoch keine Gew\u00e4hr f\u00fcr die Aktualit\u00e4t, Richtigkeit, Vollst\u00e4ndigkeit oder Qualit\u00e4t der bereitgestellten Informationen.<\/p>\n<p>Das Urheberrecht f\u00fcr unsere eigenen Inhalte auf der Domain http:\/\/www.fsv-dippoldiswalde.de steht allein der Redaktion zu. Eine Vervielf\u00e4ltigung dieser Medien ist mit einem entsprechenden Hinweis auf die Quelle gestattet.<\/p>\n<p>Wir sind bestrebt, in allen Publikationen geltendes Urheberrecht zu beachten. Sollte es trotzdem zu einer Urheberrechtsverletzung kommen, werden wir das entsprechende Objekt nach Benachrichtigung entfernen bzw. mit dem entsprechenden Urheberrecht kenntlich machen.<\/p>\n<p>Wir behalten uns ausdr\u00fccklich das Recht vor, Teile des Portals oder das gesamte Angebot ohne vorherige Ank\u00fcndigung zu ver\u00e4ndern, zu erg\u00e4nzen, zu l\u00f6schen oder die Ver\u00f6ffentlichung einzustellen. Dies gilt auch f\u00fcr Fremdeintr\u00e4ge im G\u00e4stebuch, dem Chat und dem Diskussionsforum.<\/p>\n<p>Wir \u00fcbernehmen keine Haftung oder Garantie f\u00fcr unverlangt eingesandte Manuskripte, Fotos und Illustrationen. Wir sind nicht verantwortlich f\u00fcr die Aktualit\u00e4t, Richtigkeit und Vollst\u00e4ndigkeit der Inhalte und Informationen von anderen Webseiten, die auf direkten oder indirekten digitalen Verbindungen (&#8220;Links&#8221;) erreicht werden.<\/p>\n<p>Bitte kontaktieren Sie uns auf dem schnellsten Weg \u00fcber das untenstehende Kontaktformular.<\/p>\n<p style=\"text-align: center;\">\n\n<!-- Fast Secure Contact Form plugin 4.0.52 - begin - FastSecureContactForm.com -->\r\n<div style=\"clear:both;\"><\/div>\n<p>Ihre Fragen und Anmerkungen sind jederzeit willkommen.<\/p>\r\n<div id=\"FSContact3\" style=\"width:375px;\">\r\n<form action=\"https:\/\/www.fsv-dippoldiswalde.de\/de\/wp-json\/wp\/v2\/pages\/490#FSContact3\" id=\"fscf_form3\" method=\"post\">\r\n\n<div id=\"fscf_required3\">\n  <span style=\"text-align:left;\">*<\/span> <span style=\"text-align:left;\">indicates required field<\/span>\n<\/div>\n\n<div id=\"fscf_div_clear_contact3\" style=\"clear:both;\">\n  <div id=\"fscf_div_field_contact3\" style=\"clear:left; float:left; width:99%; max-width:550px; margin-right:10px;\">\r\n    <div style=\"text-align:left; padding-top:5px;\">\r\n      <label style=\"text-align:left;\" for=\"fscf_mail_to3\">Select a contact:<span style=\"text-align:left;\">*<\/span><\/label>\r\n    <\/div>\r\n    <div style=\"text-align:left;\">\r\n      <select style=\"text-align:left;\" id=\"fscf_mail_to3\" name=\"mailto_id\"  aria-required=\"true\" >\r\n       <option value=\"\">Auswahl<\/option>\n       <option value=\"1\">Vorstand gesamt<\/option>\n       <option value=\"2\">1.Vorstandsvorsitzender Tom Weber<\/option>\n       <option value=\"3\">Leiter Finanzen Andr\u00e9 Kempe<\/option>\n       <option value=\"4\">Leiter Sponsoring \/Marketing \/ PR \/ IT Thomas Sch\u00f6n<\/option>\n      <\/select>\r\n    <\/div>\r\n  <\/div>\r\n<\/div>\r\n\n<div id=\"fscf_div_clear3_0\" style=\"clear:both;\">\n  <div id=\"fscf_div_field3_0\" style=\"clear:left; float:left; width:99%; max-width:550px; margin-right:10px;\">\r\n    <div style=\"text-align:left; padding-top:5px;\">\n      <label style=\"text-align:left;\" for=\"fscf_name3\">Name:<span style=\"text-align:left;\">*<\/span><\/label>\n    <\/div>\r\n    <div style=\"text-align:left;\">\r\n      <input style=\"text-align:left; margin:0;\" type=\"text\" id=\"fscf_name3\" name=\"full_name\" value=\"\"  \/>\r\n    <\/div>\r\n  <\/div>\n<\/div>\n\n<div id=\"fscf_div_clear3_1\" style=\"clear:both;\">\n  <div id=\"fscf_div_field3_1\" style=\"clear:left; float:left; width:99%; max-width:550px; margin-right:10px;\">\n    <div style=\"text-align:left; padding-top:5px;\">\n      <label style=\"text-align:left;\" for=\"fscf_email3\">Email:<span style=\"text-align:left;\">*<\/span><\/label>\n    <\/div>\n    <div style=\"text-align:left;\">\n      <input style=\"text-align:left; margin:0;\" type=\"text\" id=\"fscf_email3\" name=\"email\" value=\"\"  \/>\n    <\/div>\n  <\/div>\n<\/div>\n\n<div id=\"fscf_div_clear3_2\" style=\"clear:both;\">\n  <div id=\"fscf_div_field3_2\" style=\"clear:left; float:left; width:99%; max-width:550px; margin-right:10px;\">\n    <div style=\"text-align:left; padding-top:5px;\">\n      <label style=\"text-align:left;\" for=\"fscf_field3_2\">Betreff:<span style=\"text-align:left;\">*<\/span><\/label>\n    <\/div>\n    <div style=\"text-align:left;\">\n      <input style=\"text-align:left; margin:0;\" type=\"text\" id=\"fscf_field3_2\" name=\"subject\" value=\"\"  \/>\n    <\/div>\n  <\/div>\n<\/div>\n\n<div id=\"fscf_div_clear3_3\" style=\"clear:both;\">\n  <div id=\"fscf_div_field3_3\" style=\"clear:left; float:left; width:99%; max-width:550px; margin-right:10px;\">\n    <div style=\"text-align:left; padding-top:5px;\">\n      <label style=\"text-align:left;\" for=\"fscf_field3_3\">Nachricht:<span style=\"text-align:left;\">*<\/span><\/label>\n    <\/div>\n    <div style=\"text-align:left;\">\n      <textarea style=\"text-align:left; margin:0; width:99%; max-width:250px; height:120px;\" id=\"fscf_field3_3\" name=\"message\" cols=\"30\" rows=\"10\" ><\/textarea>\n    <\/div>\n  <\/div>\n<\/div>\r\n<div style=\"clear:both;\"><\/div>\n\n<div style=\"text-align:left; padding-top:5px;\">\n<\/div>\n<div id=\"fscf_captcha_image_div3\" style=\"width:250px; height:65px; padding-top:2px;\">\n      <img decoding=\"async\" id=\"fscf_captcha_image3\" style=\"border-style:none; margin:0; padding:0px; padding-right:5px; float:left;\" src=\"https:\/\/www.fsv-dippoldiswalde.de\/de\/wp-content\/plugins\/si-contact-form\/captcha\/securimage_show.php?ctf_form_num=3\" width=\"175\" height=\"60\" alt=\"CAPTCHA\" title=\"CAPTCHA\" \/>\n     <div id=\"fscf_captcha_refresh3\">\n        <a href=\"#\" rel=\"nofollow\" title=\"Refresh\" onclick=\"document.getElementById('fscf_captcha_image3').src = 'https:\/\/www.fsv-dippoldiswalde.de\/de\/wp-content\/plugins\/si-contact-form\/captcha\/securimage_show.php?ctf_form_num=3&amp;sid=' + Math.random(); return false;\">\n        <img decoding=\"async\" src=\"https:\/\/www.fsv-dippoldiswalde.de\/de\/wp-content\/plugins\/si-contact-form\/captcha\/images\/refresh.png\" width=\"22\" height=\"20\" alt=\"Refresh\" style=\"border-style:none; margin:0; padding:0px; vertical-align:bottom;\" onclick=\"this.blur();\" \/><\/a>\r\n     <\/div>\r\n<\/div>\r\n\r\n<div id=\"fscf_captcha_field3\" style=\"text-align:left; padding-top:5px;\">\r\n     <label style=\"text-align:left;\" for=\"fscf_captcha_code3\">CAPTCHA Code:<span style=\"text-align:left;\">*<\/span><\/label>\r\n<\/div>\r\n<div style=\"text-align:left;\">\n     <input style=\"text-align:left; margin:0; width:50px;\" type=\"text\" value=\"\" autocomplete=\"off\" id=\"fscf_captcha_code3\" name=\"captcha_code\"  \/>\n<\/div>\n        \r\n<div style=\"display:none;\">\r\n     <label for=\"firstname3\"><small>Lassen sie dieses Feld leer<\/small><\/label>\r\n     <input type=\"text\" name=\"firstname\" id=\"firstname3\" value=\"\" \/>\r\n<\/div>\r\n\n<div id=\"fscf_submit_div3\" style=\"text-align:left; padding-top:2px;\">\r\n\t\t<input type=\"submit\" id=\"fscf_submit3\" style=\"cursor:pointer; margin:0;\" value=\"senden\"  onclick=\"this.disabled=true; this.value='Submitting...'; this.form.submit();\" \/> \n<\/div>\n\n<input type=\"hidden\" name=\"fscf_submitted\" value=\"0\" \/>\n<input type=\"hidden\" name=\"fs_postonce_3\" value=\"a832c4f50c1d034b2041fcb770611c09,1777756905\" \/>\n<input type=\"hidden\" name=\"si_contact_action\" value=\"send\" \/>\n<input type=\"hidden\" name=\"form_id\" value=\"3\" \/>\n\n<\/form>\n<\/div>\r\n<div style=\"clear:both;\"><\/div>\n\n<!-- Fast Secure Contact Form plugin 4.0.52 - end - FastSecureContactForm.com -->\n<\/p>\n","protected":false},"excerpt":{"rendered":"<p>Impressum Internetangebot des Fu\u00dfball-Sport-Verein Dippoldiswalde e.V. (eingetragen im Vereinsregister des Amtsgerichtes Dresden unter Nr. VR 40545) Verantwortlich: Verantwortlich im Sinne&#46;&#46;&#46;<\/p>\n","protected":false},"author":2,"featured_media":0,"parent":30,"menu_order":5,"comment_status":"closed","ping_status":"closed","template":"","meta":{"ngg_post_thumbnail":0,"footnotes":"","_links_to":"","_links_to_target":""},"class_list":["post-490","page","type-page","status-publish","hentry"],"_links":{"self":[{"href":"https:\/\/www.fsv-dippoldiswalde.de\/de\/wp-json\/wp\/v2\/pages\/490","targetHints":{"allow":["GET"]}}],"collection":[{"href":"https:\/\/www.fsv-dippoldiswalde.de\/de\/wp-json\/wp\/v2\/pages"}],"about":[{"href":"https:\/\/www.fsv-dippoldiswalde.de\/de\/wp-json\/wp\/v2\/types\/page"}],"author":[{"embeddable":true,"href":"https:\/\/www.fsv-dippoldiswalde.de\/de\/wp-json\/wp\/v2\/users\/2"}],"replies":[{"embeddable":true,"href":"https:\/\/www.fsv-dippoldiswalde.de\/de\/wp-json\/wp\/v2\/comments?post=490"}],"version-history":[{"count":15,"href":"https:\/\/www.fsv-dippoldiswalde.de\/de\/wp-json\/wp\/v2\/pages\/490\/revisions"}],"predecessor-version":[{"id":42503,"href":"https:\/\/www.fsv-dippoldiswalde.de\/de\/wp-json\/wp\/v2\/pages\/490\/revisions\/42503"}],"up":[{"embeddable":true,"href":"https:\/\/www.fsv-dippoldiswalde.de\/de\/wp-json\/wp\/v2\/pages\/30"}],"wp:attachment":[{"href":"https:\/\/www.fsv-dippoldiswalde.de\/de\/wp-json\/wp\/v2\/media?parent=490"}],"curies":[{"name":"wp","href":"https:\/\/api.w.org\/{rel}","templated":true}]}}