{"id":44489,"date":"2024-03-13T18:21:09","date_gmt":"2024-03-13T17:21:09","guid":{"rendered":"https:\/\/www.fsv-dippoldiswalde.de\/de\/?page_id=44489"},"modified":"2025-12-15T14:10:28","modified_gmt":"2025-12-15T13:10:28","slug":"vereinschronik","status":"publish","type":"page","link":"https:\/\/www.fsv-dippoldiswalde.de\/de\/verein\/vereinschronik\/","title":{"rendered":"Vereinschronik"},"content":{"rendered":"\t\t<div data-elementor-type=\"wp-page\" data-elementor-id=\"44489\" class=\"elementor elementor-44489\">\n\t\t\t\t\t\t<section class=\"elementor-section elementor-top-section elementor-element elementor-element-c03e001 elementor-section-boxed elementor-section-height-default elementor-section-height-default\" data-id=\"c03e001\" data-element_type=\"section\" data-e-type=\"section\">\n\t\t\t\t\t\t<div class=\"elementor-container elementor-column-gap-default\">\n\t\t\t\t\t<div class=\"elementor-column elementor-col-100 elementor-top-column elementor-element elementor-element-8ae0e57\" data-id=\"8ae0e57\" data-element_type=\"column\" data-e-type=\"column\">\n\t\t\t<div class=\"elementor-widget-wrap elementor-element-populated\">\n\t\t\t\t\t\t<div class=\"elementor-element elementor-element-ee6f655 elementor-widget__width-initial elementor-widget elementor-widget-text-editor\" data-id=\"ee6f655\" data-element_type=\"widget\" data-e-type=\"widget\" data-widget_type=\"text-editor.default\">\n\t\t\t\t<div class=\"elementor-widget-container\">\n\t\t\t\t\t\t\t\t\t<p><span style=\"font-size: 14pt;\"><strong><u>Kurz\u00fcberblick zur Chronik des Fussballsportes i<\/u><\/strong><strong><u>n <\/u><\/strong><strong><u>Dippoldiswalde von 1910 bis 2005<\/u><\/strong><\/span><\/p>\n<p><span style=\"font-size: 12pt;\">Es ist nicht ganz einfach in wenigen S\u00e4tzen die Geschichte und die Entstehung des Fu\u00dfballsportes in Dippoldiswalde darzustellen.<\/span><\/p>\n<p><span style=\"font-size: 12pt;\">Von den fast 100 Jahren, haben wir bereits in unserer Chronik \u201e95 Jahre Fu\u00dfball in Dippoldiswalde&#8221; ausf\u00fchrlich aufgearbeitet. Diese Chronik wurde anl\u00e4sslich des \u201e95-j\u00e4hrigen Jubil\u00e4um&#8221; herausgegeben. Sie gibt einen Gesamt\u00fcberblick von 1910 bis 2005. Dennoch wollen wir hier wichtige Daten und Ereignisse in Kurzfassung wiedergeben.<\/span><\/p>\n<p><span style=\"font-size: 12pt;\">Im April 1910 wurde der \u201eFu\u00dfballclub 1910 (FC 1910)\u201c von 15 Mitgliedern durch einen Herrn Wilhelm, der sich auch 1.Vorsitzender bezeichnete, gegr\u00fcndet. Der Name Wilhelm ist in der Stadt Dippoldiswalde nicht n\u00e4her bekannt, wohnte aber l\u00e4ngere Zeit auf dem Markt im Hause Schwind. Herr Wilhelm war vermutlich ein Angestellter einer der Betriebe in Dippoldiswalde.<\/span><\/p>\n<p><span style=\"font-size: 12pt;\">Eine Vereinsurkunde liegt nicht vor, aber ein Originalschreiben vom 29. April 1910 an den Stadtrat von Dippoldiswalde, wo die Gr\u00fcndung des Fu\u00dfballclub 1910 bekannt gegeben wird. Darin wird gleichzeitig um die Bereitstellung eines geeigneten Fu\u00dfballplatzes in der Gr\u00f6\u00dfe von 60 x 100 Meter ersucht. Konkret wurde der Sch\u00fctzenhausplatz an den jetzigen \u201eParks\u00e4len\u201c ausgesucht. Dieser wurde aber abgelehnt, daf\u00fcr gab es ein Feld am ehemaligen \u201eGasometer\u201c, hinter dem Friedhof, unmittelbar an der Kleinbahn gelegen.<\/span><\/p>\n<p><span style=\"font-size: 12pt;\">Gr\u00fcndungslokal war das Restaurant \u201eWustlich\u201c, nannte sich sp\u00e4ter Freiberger Hof, war gleichzeitig auch das Vereinslokal. Die Spielkleidung war blau \/ Gelb und entsprach den Stadtfarben.<\/span><\/p>\n<p><span style=\"font-size: 12pt;\">Mit der Reichsbahn gab es beim Fu\u00dfballspielen manchen \u00c4rger, der so weit f\u00fchrte, dass 1913 der Platz gesperrt werden musste, vorwiegend wegen Verkehrsgef\u00e4hrdung der Kleinbahn, so die Begr\u00fcndung. In Verbindung mit der Stadt wurde ein neues Feld zwischen Wei\u00dferitzstra\u00dfe und Dr. Friedrich-Stra\u00dfe f\u00fcr den neuen Fu\u00dfballplatz gefunden. Das letzte Spiel fand hier am 28. Juli 1914 statt. Der Platz wurde mit Ausbruch des 1. Weltkrieges kaum noch genutzt und somit im Jahre 1916 zu einer Gartenanlage ausgebaut, die sich wenig sp\u00e4ter \u201eKirchfeld\u201c nannte und bis heute noch so besteht.<\/span><\/p>\n<p><span style=\"font-size: 12pt;\">Nach Ende des 1. Weltkrieges sollte der Fu\u00dfball wieder aufleben, aber ohne einen Sportplatz undenkbar. Die Suche nach einem geeigneten Gel\u00e4nde ging in die dritte Runde. F\u00fcndige wurde man an einem \u201eZipserteich\u201c, sp\u00e4ter bis heute \u201eRosengarten\u201c genannt. Hier tummelten sich noch Enten und H\u00fchner von den Anliegern. Der Platz wurde ausgebaut und mit einer hohen Zaunanlage umgeben, damit die Sicherheit f\u00fcr die vorbeif\u00fchrende Wei\u00dferitzstra\u00dfe gew\u00e4hrleistet war. Dieser Sportplatz entsprach von seiner Gr\u00f6\u00dfe nicht den geforderten Regeln, deshalb durften auch keine h\u00f6herklassigen Spiele stattfinden. Dieser Platz, in dessen Mitte lange Zeit ein Baum stehen bleiben musste, wurde bis zum Neubau eines Rasenplatzes 1948 genutzt.<\/span><\/p>\n<p><span style=\"font-size: 12pt;\">Das Problem Fu\u00dfballplatz oder die Schaffung einer Sportanlage auch f\u00fcr andere Sportarten war in der Stadt Dippoldiswalde Jahrzehntelang \u00fcberhaupt nicht m\u00f6glich. Es fehlte einfach das Verst\u00e4ndnis der Landbesitzer, f\u00fcr den Sport insgesamt und auch kulturell etwas f\u00fcr seine B\u00fcrger zu tun. Dieses Dilemma zog sich bis in das Jahr 2003 mit unterschiedlichen Ergebnissen hin. Die Stadt, als Vertreter der B\u00fcrger, war einfach nicht in der Lage das Problem zu l\u00f6sen. Eine wichtige Rolle dabei spielten nat\u00fcrlich die unterschiedlichen gesellschafts- und politischen Verh\u00e4ltnisse von 1910 bis 1990.<\/span><\/p>\n<p><span style=\"font-size: 12pt;\">Im Jahr 1947 wurde endlich an der \u201eVorsperre zur Talsperre Malter\u201c ein Gel\u00e4nde gefunden, worauf man einen Sportplatz dauerhaft anlegen konnte. Der Platz mit \u201egr\u00fcnen Rasen\u201c wurde am 29. August 1948 geweiht. Das Hochwasser von 1954 und 1957 hatte den Platz so verw\u00fcstet, dass dieser im Nachhinein nur noch als Hartplatz aufgebaut wurde und bis zum Jahrhunderthochwasser am 12. \u2013 13. August 2002 genutzt wurde.<\/span><\/p>\n<p><span style=\"font-size: 12pt;\">Dieses Hochwasser, in dieser Form noch nicht dagewesen, hat alles zerst\u00f6rt, ca. 26.000 Euro Schaden f\u00fcr den Verein angerichtet. Ein Wiederaufbau im \u00dcberschwemmungsgebiet der \u201eRoten Wei\u00dferitz\u201c war kaum vorstellbar. Deshalb wurde der Platz als Provisorium f\u00fcr eine \u00dcbergangszeit wieder bespielbar gemacht.<\/span><\/p>\n<p><span style=\"font-size: 12pt;\">Ein Neubau war erforderlich, die Grundsteinlegung dazu erfolgte am 03. November 2003 und die \u00dcbergabe des Kunstrasenplatzes an den Fu\u00dfballsportverein durch den damaligen B\u00fcrgermeister Horst Bellmann zum Stadtfest am 05. Juni 2004. Damit ging ein Jahrzehntelanger Traum der Sportler, wenn auch durch eine Naturkatastrophe hervorgerufen, in Erf\u00fcllung. Oftmals haben solche Ereignisse auch positives f\u00fcr sich, aber sie bringen auch viel Ungl\u00fcck f\u00fcr andere mit sich.<\/span><\/p>\n<p><span style=\"font-size: 12pt;\">Die Sportgeschichte war nat\u00fcrlich auch von H\u00f6hen und Tiefen gepr\u00e4gt. Sie durchlebte 2 Weltkriege, den vielen Menschen, darunter auch Sportler zum Opfer gefallen sind. Dennoch ging das Leben in allen Bereichen weiter, es entwickelten sich neue Gr\u00f6\u00dfen im Fu\u00dfball. In unserer Stadt gab es den Kurt Trubig, Karl Drechlser, Alfred Kaulfu\u00df und Paul Mattha, der als Leistungstr\u00e4ger im Dippser Fu\u00dfball galt und auch in Auswahlmannschaften eingesetzt wurde. Weitere Gr\u00f6\u00dfen waren Martin Querner, Kurt G\u00f6rner, Oskar und Alfred M\u00fcller, Fritz Schua, Richard Zimmermann und die Gebr\u00fcder Winkler. Man k\u00f6nnte noch viele andere aufz\u00e4hlen. Sie alle waren nach 1945 auf vielf\u00e4ltiger Weise noch im Sport t\u00e4tig.<\/span><\/p>\n<p><span style=\"font-size: 12pt;\">Die Nachkriegszeit brachte generelle Ver\u00e4nderungen auf allen Gebieten des gesellschaftlichen und politischen Lebens mit sich. Der Sport lebte weiter und schaffte auch bessere Bedingungen f\u00fcr die Entwicklung von K\u00f6rperkultur- und Sport insgesamt. Es entwickelten sich Betriebssportgemeinschaften, die mit besseren finanziellen Mitteln ausgestatten waren. In der Stadt Dippoldiswalde bildeten sich im Laufe der Zeit insgesamt 3 Fu\u00dfballmannschaften<\/span><br \/><span style=\"font-size: 12pt;\">in den vorhandenen Gemeinschaften. Es gab die BSG-Einheit, die Polizeimannschaft vom VPKA und die BSG-Motor. Im Jahre 1953 wurde die Sportgemeinschaft Dynamo, mit der Sektion Fu\u00dfball gegr\u00fcndet. Die Sektion Fu\u00dfball bei der BSG-Einheit und die Polizeimannschaft wurde in die SG-Dynamo \u00fcbernommen. Damit war ein Problem gel\u00f6st, denn es ging bei keiner Fu\u00dfballmannschaft bergauf. Gel\u00f6st w\u00fcrde 1957 auch das Problem mit der Sektion Fu\u00dfball bei der BSG-Motor, ans\u00e4ssig in der Hydraulik. Diese \u201e\u00dcbernahme\u201c war nicht ganz fair verlaufen. Aber es war wenigsten das \u201eHickhack\u201c zwischen beiden Sektionen beseitigt und der Fu\u00dfball strebte in der Stadt ganz nach oben, es begann eine sogenannte \u201eBl\u00fctezeit\u201c, die bis 1989\/90 ihre besten Jahre hatte.<\/span><\/p>\n<p><span style=\"font-size: 12pt;\">Die 1. M\u00e4nnermannschaft spielte 4-mal in der Bezirksklasse. Im Nachwuchsbereich, bei der U-14 und U-18 gab es mehrmals Kreismeister und Pokalsieger. \u00dcber mehrere Jahre wurde auf hohem Niveau in Dipps Fu\u00dfball gespielt, die zu jedem Heimspiel teilweise \u00fcber 150 Zuschauer anlockte und das auf einem Hartplatz, der immer bestens hergerichtet war. Dank solcher Platzwarte, wie Rudi H\u00f6hne, Arthur Hornoff, Rainer Friedrich, Christian Tschirpke und Peter Geertz.<\/span><\/p>\n<p><span style=\"font-size: 12pt;\">Die Nachwuchsarbeit stand auch immer an erster Stelle, bis heute hat diese Arbeit h\u00f6chste Priorit\u00e4t. Trainer und Betreuer haben eine sehr hohe Verantwortung in allen Mannschaften.<\/span><\/p>\n<p><span style=\"font-size: 12pt;\">Ein wichtiges Ereignis fand im Jahr 1952 statt. Der damalige Jugendorganisator bei der SG-Dynamo Hans-Dieter M\u00fcller, besser bekannt noch als \u201eH-D-M\u201c, entwickelte den Hallenfu\u00dfball mit eigenen Regeln. Das erste Hallenfu\u00dfballturnier fand in der Jahnturnhalle statt. J\u00e4hrlich wurde Turniere ausgetragen, nicht nur im Nachwuchsbereich, auch f\u00fcr die Erwachsenen wurde es immer mehr zur Beliebtheit.<\/span><\/p>\n<p><span style=\"font-size: 12pt;\">Mit der politischen Wende 1989 ver\u00e4nderte sich das Sportbild erneut. Die Sportgemeinschaft Dynamo sollte sich im Laufe des Jahres 1990 aufl\u00f6sen. Die Sektion Fu\u00dfball stand vor der Aufgabe, den Fu\u00dfball in der Stad zu erhalten. Nach Kl\u00e4rung aller Verbindlichkeiten wurde die Sektion am 15. Juni 1990 aufgel\u00f6st. Bereits am 07.Juni 1990 wurde durch die Mitgliederversammlung der Fu\u00dfballsport-Verein Dippoldiswalde e.V. gegr\u00fcndet. Zum 1. Vorsitzenden wurde Eberhard Bodis gew\u00e4hlt, der dieses Amt in vorbildlicher Weise und pers\u00f6nlichen Engagement bis 1998 f\u00fchrte.<\/span><\/p>\n<p><span style=\"font-size: 12pt;\">Es begann eine Zeit des Umdenkens, eine Zeit der ehrenamtlichen T\u00e4tigkeiten, eine Zeit h\u00f6herer pers\u00f6nlicher Verantwortung ohne finanzielle Bezahlung oder Freistellung vom Arbeitsplatz. Es wurde klar, der neue Verein steht und f\u00e4llt mit den Finanzen und der gesamten Mitgliedschaft.<\/span><\/p>\n<p><span style=\"font-size: 12pt;\">Der neue Vorstand stellte sich dieser Aufgabe. Die Vorstandmitglieder Andreas Schnurr und Eberhard Walter machten sich auf den Weg und gewannen in k\u00fcrzester Zeit 15 Sponsoren. Das war eine ganz neue Situation Gewerbetreibenden und Einzelh\u00e4ndlern als Sponsor zugewinnen, die bereit waren den Verein bei der \u201eGeburt\u201c finanziell zu unterst\u00fctzen. Bis heute sind es mehr als 50 Sponsoren, die den Verein in unterschiedlicher Form unterst\u00fctzen.<\/span><\/p>\n<p><span style=\"font-size: 12pt;\">An dieser Stelle gilt allen Dank und Anerkennungen f\u00fcr die bisherige und zuk\u00fcnftige Unterst\u00fctzung. Besonders w\u00fcrdigen wir auch die Sponsoren, die seit \u00fcber 3<\/span><span style=\"font-size: 12pt;\">0 Jahren uns immer hilfreich und uneigenn\u00fctzig zur Seite stehen.<\/span><\/p>\t\t\t\t\t\t\t\t<\/div>\n\t\t\t\t<\/div>\n\t\t\t\t\t<\/div>\n\t\t<\/div>\n\t\t\t\t\t<\/div>\n\t\t<\/section>\n\t\t\t\t<\/div>\n\t\t","protected":false},"excerpt":{"rendered":"<p>Kurz\u00fcberblick zur Chronik des Fussballsportes in Dippoldiswalde von 1910 bis 2005 Es ist nicht ganz einfach in wenigen S\u00e4tzen die&#46;&#46;&#46;<\/p>\n","protected":false},"author":13,"featured_media":0,"parent":30,"menu_order":8,"comment_status":"closed","ping_status":"closed","template":"","meta":{"ngg_post_thumbnail":0,"footnotes":"","_links_to":"","_links_to_target":""},"class_list":["post-44489","page","type-page","status-publish","hentry"],"_links":{"self":[{"href":"https:\/\/www.fsv-dippoldiswalde.de\/de\/wp-json\/wp\/v2\/pages\/44489","targetHints":{"allow":["GET"]}}],"collection":[{"href":"https:\/\/www.fsv-dippoldiswalde.de\/de\/wp-json\/wp\/v2\/pages"}],"about":[{"href":"https:\/\/www.fsv-dippoldiswalde.de\/de\/wp-json\/wp\/v2\/types\/page"}],"author":[{"embeddable":true,"href":"https:\/\/www.fsv-dippoldiswalde.de\/de\/wp-json\/wp\/v2\/users\/13"}],"replies":[{"embeddable":true,"href":"https:\/\/www.fsv-dippoldiswalde.de\/de\/wp-json\/wp\/v2\/comments?post=44489"}],"version-history":[{"count":10,"href":"https:\/\/www.fsv-dippoldiswalde.de\/de\/wp-json\/wp\/v2\/pages\/44489\/revisions"}],"predecessor-version":[{"id":48714,"href":"https:\/\/www.fsv-dippoldiswalde.de\/de\/wp-json\/wp\/v2\/pages\/44489\/revisions\/48714"}],"up":[{"embeddable":true,"href":"https:\/\/www.fsv-dippoldiswalde.de\/de\/wp-json\/wp\/v2\/pages\/30"}],"wp:attachment":[{"href":"https:\/\/www.fsv-dippoldiswalde.de\/de\/wp-json\/wp\/v2\/media?parent=44489"}],"curies":[{"name":"wp","href":"https:\/\/api.w.org\/{rel}","templated":true}]}}