{"id":35760,"date":"2021-01-30T15:45:59","date_gmt":"2021-01-30T14:45:59","guid":{"rendered":"https:\/\/www.fsv-dippoldiswalde.de\/de\/?page_id=35760"},"modified":"2022-09-12T20:31:04","modified_gmt":"2022-09-12T18:31:04","slug":"amazonsmile","status":"publish","type":"page","link":"https:\/\/www.fsv-dippoldiswalde.de\/de\/mit-dem-fsv-und-fur-den-fsv-shoppen-gehen\/amazonsmile\/","title":{"rendered":"AmazonSmile"},"content":{"rendered":"<h2><span class=\"TextRun SCXW96974654 BCX0\" lang=\"DE-DE\" xml:lang=\"DE-DE\" data-contrast=\"auto\"><span class=\"NormalTextRun SCXW96974654 BCX0\"><a href=\"https:\/\/www.fsv-dippoldiswalde.de\/de\/wp-content\/uploads\/2021\/02\/amazon_FSV_2020.jpg\"><img decoding=\"async\" class=\"alignleft wp-image-35794 size-medium\" src=\"https:\/\/www.fsv-dippoldiswalde.de\/de\/wp-content\/uploads\/2021\/02\/amazon_FSV_2020-300x125.jpg\" alt=\"\" width=\"300\" height=\"125\" srcset=\"https:\/\/www.fsv-dippoldiswalde.de\/de\/wp-content\/uploads\/2021\/02\/amazon_FSV_2020-300x125.jpg 300w, https:\/\/www.fsv-dippoldiswalde.de\/de\/wp-content\/uploads\/2021\/02\/amazon_FSV_2020-600x250.jpg 600w, https:\/\/www.fsv-dippoldiswalde.de\/de\/wp-content\/uploads\/2021\/02\/amazon_FSV_2020-128x53.jpg 128w, https:\/\/www.fsv-dippoldiswalde.de\/de\/wp-content\/uploads\/2021\/02\/amazon_FSV_2020-32x13.jpg 32w, https:\/\/www.fsv-dippoldiswalde.de\/de\/wp-content\/uploads\/2021\/02\/amazon_FSV_2020.jpg 720w\" sizes=\"(max-width: 300px) 100vw, 300px\" \/><\/a>Unterst\u00fctzt unseren Verein mit&nbsp;<\/span><\/span><span class=\"TextRun SCXW96974654 BCX0\" lang=\"DE-DE\" xml:lang=\"DE-DE\" data-contrast=\"auto\"><span class=\"NormalTextRun SCXW96974654 BCX0\">e<\/span><\/span><span class=\"TextRun SCXW96974654 BCX0\" lang=\"DE-DE\" xml:lang=\"DE-DE\" data-contrast=\"auto\"><span class=\"NormalTextRun SCXW96974654 BCX0\">uren Eink\u00e4ufen<\/span><\/span><span class=\"TextRun SCXW96974654 BCX0\" lang=\"DE-DE\" xml:lang=\"DE-DE\" data-contrast=\"auto\"><span class=\"NormalTextRun SCXW96974654 BCX0\">&nbsp;bei Amazon<\/span><\/span><\/h2>\n<p><span data-contrast=\"auto\">In erster Linie m\u00f6chten wir, dass unsere regionalen Sponsoren und Partner mit&nbsp;<\/span><span data-contrast=\"auto\">e<\/span><span data-contrast=\"auto\">uren Eink\u00e4ufen unterst\u00fctzt&nbsp;<\/span><span data-contrast=\"auto\">werden&nbsp;<\/span><span data-contrast=\"auto\">und die regionale Einkaufsinfrastruktur am Leben gehalten&nbsp;<\/span><span data-contrast=\"auto\">w<\/span><span data-contrast=\"auto\">ird<\/span><span data-contrast=\"auto\">. Denn nur diese regionalen Sponsoren<\/span><span data-contrast=\"auto\">&nbsp;sind&nbsp;<\/span><span data-contrast=\"auto\">es<\/span><span data-contrast=\"auto\">, die auch uns als Verein am Leben halten.<\/span><span data-ccp-props=\"{&quot;201341983&quot;:0,&quot;335559739&quot;:160,&quot;335559740&quot;:259}\">&nbsp;<\/span><\/p>\n<p><span data-contrast=\"auto\">E<\/span><span data-contrast=\"auto\">s<\/span><span data-contrast=\"auto\">&nbsp;gibt<\/span><span data-contrast=\"auto\">&nbsp;<\/span><span data-contrast=\"auto\">aber&nbsp;<\/span><span data-contrast=\"auto\">auch&nbsp;<\/span><span data-contrast=\"auto\">S<\/span><span data-contrast=\"auto\">ituationen&nbsp;<\/span><span data-contrast=\"auto\">und Produkte<\/span><span data-contrast=\"auto\">,<\/span><span data-contrast=\"auto\">&nbsp;<\/span><span data-contrast=\"auto\">bei denen der<\/span><span data-contrast=\"auto\">&nbsp;<\/span><span data-contrast=\"auto\">Eink<\/span><span data-contrast=\"auto\">a<\/span><span data-contrast=\"auto\">uf<\/span><span data-contrast=\"auto\">&nbsp;im&nbsp;<\/span><span data-contrast=\"auto\">lokalen Einzelhandel nicht m\u00f6glich ist und man&nbsp;<\/span><span data-contrast=\"auto\">deshalb&nbsp;<\/span><span data-contrast=\"auto\">auf das Internet ausweicht<\/span><span data-contrast=\"auto\">.<\/span><span data-contrast=\"auto\">&nbsp;<\/span><span data-contrast=\"auto\">Damit man auch auf diesem Weg lokale&nbsp;<\/span><span data-contrast=\"auto\">gemeinn\u00fctzige&nbsp;<\/span><span data-contrast=\"auto\">Organisationen unterst\u00fctzen kann,&nbsp;<\/span><span data-contrast=\"auto\">biete<\/span><span data-contrast=\"auto\">t Amazon die Plattform&nbsp;<\/span><span data-contrast=\"auto\">AmazonSmile<\/span><span data-contrast=\"auto\">.<\/span><span data-contrast=\"auto\">&nbsp;<\/span><span data-contrast=\"auto\">O<\/span><span data-contrast=\"auto\">hne zus\u00e4tzliche Kosten<\/span><span data-contrast=\"auto\">&nbsp;habt ihr da<\/span><span data-contrast=\"auto\">durch<\/span><span data-contrast=\"auto\">&nbsp;die M\u00f6glichkeit,&nbsp;<\/span><span data-contrast=\"auto\">u<\/span><span data-contrast=\"auto\">nser<\/span><span data-contrast=\"auto\">e<\/span><span data-contrast=\"auto\">m<\/span><span data-contrast=\"auto\">&nbsp;Verein&nbsp;<\/span><span data-contrast=\"auto\">einen kleinen Obolus&nbsp;<\/span><span data-contrast=\"auto\">zukommen zu lassen.<\/span><span data-ccp-props=\"{&quot;201341983&quot;:0,&quot;335559739&quot;:160,&quot;335559740&quot;:259}\">&nbsp;<\/span><\/p>\n<p><span data-contrast=\"auto\">Amazon&nbsp;<\/span><span data-contrast=\"auto\">leitet<\/span><span data-contrast=\"auto\">&nbsp;<\/span><span data-contrast=\"auto\">f\u00fcr jeden Einkauf<\/span><span data-contrast=\"auto\">,<\/span><span data-contrast=\"auto\">&nbsp;der \u00fcber <a href=\"https:\/\/smile.amazon.de\/\" target=\"_blank\" rel=\"noopener noreferrer\">www.smile.amazon.de<\/a>&nbsp;<\/span><span data-contrast=\"auto\">abgeschloss<\/span><span data-contrast=\"auto\">en w<\/span><span data-contrast=\"auto\">u<\/span><span data-contrast=\"auto\">rd<\/span><span data-contrast=\"auto\">e<\/span><span data-contrast=\"auto\">,&nbsp;<\/span><span data-contrast=\"auto\">der ausgew\u00e4hlten Organisation<\/span><span data-contrast=\"auto\">&nbsp;0,5% der Einkaufssumme<\/span><span data-contrast=\"auto\">&nbsp;<\/span><span data-contrast=\"auto\">weiter<\/span><span data-contrast=\"auto\">.<\/span><span data-contrast=\"auto\">&nbsp;Die Produktauswahl und Preise&nbsp;<\/span><span data-contrast=\"auto\">bleiben dabei unver\u00e4ndert.<\/span><span data-ccp-props=\"{&quot;201341983&quot;:0,&quot;335559739&quot;:160,&quot;335559740&quot;:259}\">&nbsp;<\/span><\/p>\n<p><span data-contrast=\"auto\">Um<\/span><span data-contrast=\"auto\">&nbsp;den FSV&nbsp;<\/span><span data-contrast=\"auto\">k\u00fcnftig \u00fcber diese M\u00f6glichkeit zu<\/span><span data-contrast=\"auto\">&nbsp;unterst\u00fctzen,<\/span><span data-contrast=\"auto\">&nbsp;m\u00fcsst i<\/span><span data-contrast=\"auto\">hr<\/span><span data-contrast=\"auto\">&nbsp;beim n\u00e4chsten Einkauf bei Amazon einfach den Link www.smile.amazon.de nutzen<\/span><span data-contrast=\"auto\"> oder auf <a href=\"https:\/\/www.fsv-dippoldiswalde.de\" target=\"_blank\" rel=\"noopener noreferrer\">unserer Homepage<\/a> den <\/span><span data-contrast=\"auto\">AmazonSmile<\/span><span data-contrast=\"auto\">&nbsp;Button klicken<\/span><span data-contrast=\"auto\">&nbsp;und euch mit eurem normalen Amazon Konto anmelden<\/span><span data-contrast=\"auto\">. Anschlie\u00dfend<\/span><span data-contrast=\"auto\">&nbsp;im Suchfeld nach<\/span><span data-contrast=\"auto\">&nbsp;<\/span><span data-contrast=\"auto\">\u201c<\/span><span data-contrast=\"auto\">FSV Dippoldiswalde e.V.<\/span><span data-contrast=\"auto\">\u201d oder \u201c01744\u201d suchen und \u201cFSV Dippoldiswalde e.V.\u201d ausw\u00e4hlen<\/span><span data-contrast=\"auto\">.<\/span><span data-contrast=\"auto\">&nbsp;Dann kann der Einkauf wie gewohnt durchgef\u00fchrt werden.<\/span><span data-ccp-props=\"{&quot;201341983&quot;:0,&quot;335559739&quot;:160,&quot;335559740&quot;:259}\">&nbsp;<\/span><\/p>\n<p><span data-contrast=\"auto\">Die&nbsp;<\/span><span data-contrast=\"auto\">AmazonSmile<\/span><span data-contrast=\"auto\">&nbsp;Funktion steht auch in der&nbsp;<\/span><span data-contrast=\"auto\">Android<\/span><span data-contrast=\"auto\">&nbsp;App zur Verf\u00fcgung. F\u00fcr iOS Ger\u00e4te arbeitet Amazon noch an eine<\/span><span data-contrast=\"auto\">m<\/span><span data-contrast=\"auto\">&nbsp;Update.<\/span><span data-ccp-props=\"{&quot;201341983&quot;:0,&quot;335559739&quot;:160,&quot;335559740&quot;:259}\">&nbsp;<\/span><\/p>\n<p><span data-contrast=\"auto\">S<\/span><span data-contrast=\"auto\">o aktivier<\/span><span data-contrast=\"auto\">t Ihr<\/span><span data-contrast=\"auto\">&nbsp;<\/span><span data-contrast=\"auto\">AmazonSmile<\/span><span data-contrast=\"auto\">&nbsp;und generier<\/span><span data-contrast=\"auto\">t<\/span><span data-contrast=\"auto\">&nbsp;mit jedem qualifizierten Kauf \u00fcber die Amazon App Guthaben f\u00fcr&nbsp;<\/span><span data-contrast=\"auto\">unseren Verein<\/span><span data-contrast=\"auto\">:<\/span><span data-ccp-props=\"{&quot;201341983&quot;:0,&quot;335559739&quot;:160,&quot;335559740&quot;:259}\">&nbsp;<\/span><\/p>\n<ul>\n<li data-leveltext=\"\uf0b7\" data-font=\"Symbol\" data-listid=\"4\" aria-setsize=\"-1\" data-aria-posinset=\"1\" data-aria-level=\"1\"><span data-contrast=\"auto\">\u00d6ffne<\/span><span data-contrast=\"auto\">t<\/span><span data-contrast=\"auto\">&nbsp;die Amazon App auf&nbsp;<\/span><span data-contrast=\"auto\">eu<\/span><span data-contrast=\"auto\">rem Android-Ger\u00e4t<\/span><span data-ccp-props=\"{&quot;134233279&quot;:true,&quot;201341983&quot;:0,&quot;335559739&quot;:160,&quot;335559740&quot;:259}\">&nbsp;<\/span><\/li>\n<li data-leveltext=\"\uf0b7\" data-font=\"Symbol\" data-listid=\"4\" aria-setsize=\"-1\" data-aria-posinset=\"2\" data-aria-level=\"1\"><span data-contrast=\"auto\">Einstellungen &gt;&nbsp;<\/span><span data-contrast=\"auto\">AmazonSmile<\/span><span data-ccp-props=\"{&quot;134233279&quot;:true,&quot;201341983&quot;:0,&quot;335559739&quot;:160,&quot;335559740&quot;:259}\">&nbsp;<\/span><\/li>\n<li data-leveltext=\"\uf0b7\" data-font=\"Symbol\" data-listid=\"4\" aria-setsize=\"-1\" data-aria-posinset=\"3\" data-aria-level=\"1\"><span data-contrast=\"auto\">Aktivieren&nbsp;<\/span><span data-contrast=\"auto\">AmazonSmile<\/span><span data-ccp-props=\"{&quot;134233279&quot;:true,&quot;201341983&quot;:0,&quot;335559739&quot;:160,&quot;335559740&quot;:259}\">&nbsp;<\/span><\/li>\n<\/ul>\n<ul>\n<li data-leveltext=\"\uf0b7\" data-font=\"Symbol\" data-listid=\"4\" aria-setsize=\"-1\" data-aria-posinset=\"1\" data-aria-level=\"1\"><span data-contrast=\"auto\">Suchen -&gt; FSV Dippoldiswalde e.V. oder 01744<\/span><span data-ccp-props=\"{&quot;134233279&quot;:true,&quot;201341983&quot;:0,&quot;335559739&quot;:160,&quot;335559740&quot;:259}\">&nbsp;<\/span><\/li>\n<li data-leveltext=\"\uf0b7\" data-font=\"Symbol\" data-listid=\"4\" aria-setsize=\"-1\" data-aria-posinset=\"2\" data-aria-level=\"1\"><span data-contrast=\"auto\">FSV Dippoldiswalde e.V. ausw\u00e4hlen<\/span><span data-ccp-props=\"{&quot;134233279&quot;:true,&quot;201341983&quot;:0,&quot;335559739&quot;:160,&quot;335559740&quot;:259}\">&nbsp;<\/span><\/li>\n<\/ul>\n<p>&nbsp;<br \/>\n<span data-contrast=\"auto\">PS: Helfen war noch nie leichter und unverbindlicher als jetzt. Einfach euren normalen Einkauf \u00fcber <a href=\"https:\/\/smile.amazon.de\/\" target=\"_blank\" rel=\"noopener noreferrer\">www.smile.amazon.de<\/a> vornehmen und Amazon spendet aus eigener Tasche 0,5% der Einkaufssumme an unseren Verein.<\/span><span data-ccp-props=\"{&quot;201341983&quot;:0,&quot;335559739&quot;:160,&quot;335559740&quot;:259}\">&nbsp;<\/span><\/p>\n<table style=\"border-collapse: collapse; width: 100%;\">\n<tbody>\n<tr>\n<td style=\"width: 33.3333%;\">&nbsp;<\/td>\n<td style=\"width: 33.3333%;\">\n<div id=\"amznCharityBanner\"><script type=\"text\/javascript\">(function() {var iFrame = document.createElement('iframe'); iFrame.style.display = 'none'; iFrame.style.border = \"none\"; iFrame.width = 310; iFrame.height = 256; iFrame.setAttribute && iFrame.setAttribute('scrolling', 'no'); iFrame.setAttribute('frameborder', '0'); setTimeout(function() {var contents = (iFrame.contentWindow) ? iFrame.contentWindow : (iFrame.contentDocument.document) ? iFrame.contentDocument.document : iFrame.contentDocument; contents.document.open(); contents.document.write(decodeURIComponent(\"%3Cdiv%20id%3D%22amznCharityBannerInner%22%3E%3Ca%20href%3D%22https%3A%2F%2Fsmile.amazon.de%2Fch%2F210-141-06801%22%20target%3D%22_blank%22%3E%3Cdiv%20class%3D%22text%22%20height%3D%22%22%3E%3Cdiv%20class%3D%22support-wrapper%22%3E%3Cdiv%20class%3D%22support%22%20style%3D%22font-size%3A%2025px%3B%20line-height%3A%2028px%3B%20margin-top%3A%201px%3B%20margin-bottom%3A%200px%3B%22%3EUnterst%C3%BCtzen%20Sie%20%3Cspan%20id%3D%22charity-name%22%20style%3D%22display%3A%20inline-block%3B%22%3EFSV%20Dippoldiswalde%20e.V.%2C%3C%2Fspan%3E%3C%2Fdiv%3E%3C%2Fdiv%3E%3Cdiv%20class%3D%22when-shop%22%3Eindem%20Sie%20auf%20%3Cb%3Esmile.amazon.de%3C%2Fb%3E%3C%2Fdiv%3E%3Cdiv%20class%3D%22donates%22%3E%20einkaufen.%3C%2Fdiv%3E%3C%2Fdiv%3E%3C%2Fa%3E%3C%2Fdiv%3E%3Cstyle%3E%23amznCharityBannerInner%7Bbackground-image%3Aurl(https%3A%2F%2Fm.media-amazon.com%2Fimages%2FG%2F03%2Fx-locale%2Fpaladin%2Fcharitycentral%2Fbanner-background-image._CB485921641_.png)%3Bwidth%3A300px%3Bheight%3A250px%3Bposition%3Arelative%7D%23amznCharityBannerInner%20a%7Bdisplay%3Ablock%3Bwidth%3A100%25%3Bheight%3A100%25%3Bposition%3Arelative%3Bcolor%3A%23000%3Btext-decoration%3Anone%7D.text%7Bposition%3Aabsolute%3Btop%3A20px%3Bleft%3A15px%3Bright%3A15px%3Bbottom%3A100px%7D.support-wrapper%7Boverflow%3Ahidden%3Bmax-height%3A86px%7D.support%7Bfont-family%3AArial%2Csans%3Bfont-weight%3A700%3Bline-height%3A28px%3Bfont-size%3A25px%3Bcolor%3A%23333%3Btext-align%3Acenter%3Bmargin%3A0%3Bpadding%3A0%3Bbackground%3A0%200%7D.when-shop%7Bfont-family%3AArial%2Csans%3Bfont-size%3A15px%3Bfont-weight%3A400%3Bline-height%3A15px%3Bcolor%3A%23333%3Btext-align%3Acenter%3Bmargin%3A0%3Bpadding%3A0%3Bbackground%3A0%200%7D.donates%7Bfont-family%3AArial%2Csans%3Bfont-size%3A15px%3Bfont-weight%3A400%3Bline-height%3A21px%3Bcolor%3A%23333%3Btext-align%3Acenter%3Bmargin%3A0%3Bpadding%3A0%3Bbackground%3A0%200%7D%3C%2Fstyle%3E\")); contents.document.close(); iFrame.style.display = 'block';}); document.getElementById('amznCharityBanner').appendChild(iFrame); })(); <\/script><\/div>\n<\/td>\n<td style=\"width: 33.3333%;\">&nbsp;<\/td>\n<\/tr>\n<\/tbody>\n<\/table>\n<h2><span class=\"EOP SCXW96974654 BCX0\" data-ccp-props=\"{&quot;201341983&quot;:0,&quot;335559739&quot;:160,&quot;335559740&quot;:259}\">&nbsp;<\/span><\/h2>\n<p>&nbsp;<\/p>\n","protected":false},"excerpt":{"rendered":"<p>Unterst\u00fctzt unseren Verein mit&nbsp;euren Eink\u00e4ufen&nbsp;bei Amazon In erster Linie m\u00f6chten wir, dass unsere regionalen Sponsoren und Partner mit&nbsp;euren Eink\u00e4ufen unterst\u00fctzt&nbsp;werden&nbsp;und&#46;&#46;&#46;<\/p>\n","protected":false},"author":2,"featured_media":0,"parent":42,"menu_order":3,"comment_status":"closed","ping_status":"closed","template":"","meta":{"ngg_post_thumbnail":0,"footnotes":"","_links_to":"","_links_to_target":""},"class_list":["post-35760","page","type-page","status-publish","hentry"],"_links":{"self":[{"href":"https:\/\/www.fsv-dippoldiswalde.de\/de\/wp-json\/wp\/v2\/pages\/35760","targetHints":{"allow":["GET"]}}],"collection":[{"href":"https:\/\/www.fsv-dippoldiswalde.de\/de\/wp-json\/wp\/v2\/pages"}],"about":[{"href":"https:\/\/www.fsv-dippoldiswalde.de\/de\/wp-json\/wp\/v2\/types\/page"}],"author":[{"embeddable":true,"href":"https:\/\/www.fsv-dippoldiswalde.de\/de\/wp-json\/wp\/v2\/users\/2"}],"replies":[{"embeddable":true,"href":"https:\/\/www.fsv-dippoldiswalde.de\/de\/wp-json\/wp\/v2\/comments?post=35760"}],"version-history":[{"count":15,"href":"https:\/\/www.fsv-dippoldiswalde.de\/de\/wp-json\/wp\/v2\/pages\/35760\/revisions"}],"predecessor-version":[{"id":38692,"href":"https:\/\/www.fsv-dippoldiswalde.de\/de\/wp-json\/wp\/v2\/pages\/35760\/revisions\/38692"}],"up":[{"embeddable":true,"href":"https:\/\/www.fsv-dippoldiswalde.de\/de\/wp-json\/wp\/v2\/pages\/42"}],"wp:attachment":[{"href":"https:\/\/www.fsv-dippoldiswalde.de\/de\/wp-json\/wp\/v2\/media?parent=35760"}],"curies":[{"name":"wp","href":"https:\/\/api.w.org\/{rel}","templated":true}]}}