{"id":32903,"date":"2019-08-22T13:02:54","date_gmt":"2019-08-22T11:02:54","guid":{"rendered":"https:\/\/www.fsv-dippoldiswalde.de\/de\/?page_id=32903"},"modified":"2026-01-01T13:13:41","modified_gmt":"2026-01-01T12:13:41","slug":"mitgliedschaft","status":"publish","type":"page","link":"https:\/\/www.fsv-dippoldiswalde.de\/de\/verein\/mitgliedschaft\/","title":{"rendered":"Mitgliedschaft"},"content":{"rendered":"<p><strong>Werde Mitglied bei unserem Verein FSV Dippoldiswalde e.V.<\/strong><\/p>\n<p>Der Fu\u00dfballsport begeistert und verbindet Menschen unterschiedlicher Nationen, Generationen und sozialer Schichten. Der FSV Dippoldiswalde e.V. ist ein traditionsreicher Fu\u00dfballverein am Tor zum Osterzgebirge, der die Werte <strong>Familienfreundlichkeit, Toleranz, Offenheit<\/strong>&nbsp;und&nbsp;<strong>Respekt<\/strong> verk\u00f6rpert. Als Verein mit der Spielklassenzugeh\u00f6rigkeit in der Region S\u00e4chsische Schweiz\/Osterzgebirge sind wir an einer st\u00e4ndigen Verbesserung unserer Strukturen interessiert und beachten dabei stets unsere soziale Verpflichtung.<\/p>\n<ul>\n<li class=\"Float_Clear\">Du bist interessiert am Fu\u00dfballsport und identifizierst dich mit den Werten des FSV Dipps?<\/li>\n<li>Du m\u00f6chtest als stimmberechtigtes Mitglied Verantwortung f\u00fcr den Verein \u00fcbernehmen (ab 18 Jahren)?<\/li>\n<li>Dann werde ein Teil der FSV-Familie und nimm als Mitglied am aktiven Vereinsleben teil!<\/li>\n<\/ul>\n<p>Wir freuen uns immer \u00fcber neue Sportfreunde die sich beim FSV Dippoldiswalde e.V. engagieren wollen. F\u00fcr die kleinen neuen Kicker m\u00f6chten wir Ihnen unseren <a href=\"https:\/\/www.fsv-dippoldiswalde.de\/de\/wp-content\/uploads\/2020\/04\/A4-Gutschein-Schnuppertraining-ab-06_23_2_Homepage.pdf\" target=\"_blank\" rel=\"noopener\"><strong>Probetraininggutschein<\/strong><\/a> anbieten, damit kann Ihr Kind 10 Probetraining absolut kostenfrei durchf\u00fchren und dann entscheiden ob es bei uns spielen m\u00f6chte.&nbsp; Den <a href=\"https:\/\/www.fsv-dippoldiswalde.de\/de\/wp-content\/uploads\/2020\/04\/Aufnahmepaket-11_2024.pdf\" target=\"_blank\" rel=\"noopener noreferrer\"><strong>Aufnahmeantrag<\/strong><\/a> k\u00f6nnen Sie sich hier einfach herunterladen, ausdrucken und entweder zu einem Training unterschrieben mitbringen oder an untenstehende Adresse schicken. Zudem finden Sie auf dieser Website auch&nbsp;unsere&nbsp;<a href=\"https:\/\/www.fsv-dippoldiswalde.de\/de\/verein\/satzung\/\"><strong>Satzung<\/strong><\/a>, <strong><a href=\"https:\/\/www.fsv-dippoldiswalde.de\/de\/verein\/datenschutz\/\">Datenschutzerkl\u00e4rung<\/a><\/strong>&nbsp; und die aktuelle <a class=\"internal-link\" href=\"https:\/\/www.fsv-dippoldiswalde.de\/de\/verein\/beitragsordnung\/\"><strong>Beitragsordnung<\/strong><\/a> .<\/p>\n<h4>&nbsp;<\/h4>\n<p><strong>Mitgliedschaft k\u00fcndigen<\/strong><\/p>\n<p>Wenn Sie Ihre Mitgliedschaft beim FSV Dippoldiswalde e.V., mit unserem Bedauern, k\u00fcndigen m\u00f6chten, m\u00fcssen Sie, laut unserer aktuellen <strong><a href=\"https:\/\/www.fsv-dippoldiswalde.de\/de\/verein\/satzung\/\">Satzung<\/a><\/strong> eine Frist von einem Monat vor Quartalsende einhalten. Bitte benutzen Sie dieses <strong><a href=\"https:\/\/www.fsv-dippoldiswalde.de\/de\/wp-content\/uploads\/2020\/04\/221219-Kundigung_12_2022.pdf\" target=\"_blank\" rel=\"noopener noreferrer\">K\u00fcndigungsformular<\/a> .<\/strong><\/p>\n<p>&nbsp;<\/p>\n<p><strong>Postanschrift<\/strong><\/p>\n<p>FSV Dippoldiswalde e.V.<br \/>\nGro\u00dfe M\u00fchlstra\u00dfe 17<br \/>\n01744 Dippoldiswalde<\/p>\n<p>&nbsp;<\/p>\n<p>&nbsp;<\/p>\n<p>&nbsp;<\/p>\n","protected":false},"excerpt":{"rendered":"<p>Werde Mitglied bei unserem Verein FSV Dippoldiswalde e.V. Der Fu\u00dfballsport begeistert und verbindet Menschen unterschiedlicher Nationen, Generationen und sozialer Schichten.&#46;&#46;&#46;<\/p>\n","protected":false},"author":2,"featured_media":0,"parent":30,"menu_order":2,"comment_status":"closed","ping_status":"closed","template":"","meta":{"ngg_post_thumbnail":0,"footnotes":"","_links_to":"","_links_to_target":""},"class_list":["post-32903","page","type-page","status-publish","hentry"],"_links":{"self":[{"href":"https:\/\/www.fsv-dippoldiswalde.de\/de\/wp-json\/wp\/v2\/pages\/32903","targetHints":{"allow":["GET"]}}],"collection":[{"href":"https:\/\/www.fsv-dippoldiswalde.de\/de\/wp-json\/wp\/v2\/pages"}],"about":[{"href":"https:\/\/www.fsv-dippoldiswalde.de\/de\/wp-json\/wp\/v2\/types\/page"}],"author":[{"embeddable":true,"href":"https:\/\/www.fsv-dippoldiswalde.de\/de\/wp-json\/wp\/v2\/users\/2"}],"replies":[{"embeddable":true,"href":"https:\/\/www.fsv-dippoldiswalde.de\/de\/wp-json\/wp\/v2\/comments?post=32903"}],"version-history":[{"count":30,"href":"https:\/\/www.fsv-dippoldiswalde.de\/de\/wp-json\/wp\/v2\/pages\/32903\/revisions"}],"predecessor-version":[{"id":48718,"href":"https:\/\/www.fsv-dippoldiswalde.de\/de\/wp-json\/wp\/v2\/pages\/32903\/revisions\/48718"}],"up":[{"embeddable":true,"href":"https:\/\/www.fsv-dippoldiswalde.de\/de\/wp-json\/wp\/v2\/pages\/30"}],"wp:attachment":[{"href":"https:\/\/www.fsv-dippoldiswalde.de\/de\/wp-json\/wp\/v2\/media?parent=32903"}],"curies":[{"name":"wp","href":"https:\/\/api.w.org\/{rel}","templated":true}]}}