{"id":28,"date":"2011-08-02T13:00:54","date_gmt":"2011-08-02T11:00:54","guid":{"rendered":"http:\/\/www.fsv-dippoldiswalde.de\/wordpress\/?page_id=28"},"modified":"2025-09-12T10:05:55","modified_gmt":"2025-09-12T08:05:55","slug":"f-jugend-mannschaft","status":"publish","type":"page","link":"https:\/\/www.fsv-dippoldiswalde.de\/de\/nachwuchsmannschaften\/kinderfussball\/f-jugend\/f-jugend-mannschaft\/","title":{"rendered":"F-Jugend Mannschaft (U9)"},"content":{"rendered":"<p><a href=\"https:\/\/www.fsv-dippoldiswalde.de\/de\/wp-content\/uploads\/ngg_featured\/fsv-logo.jpg\"><img decoding=\"async\" class=\"alignleft wp-image-12789\" src=\"https:\/\/www.fsv-dippoldiswalde.de\/de\/wp-content\/uploads\/ngg_featured\/fsv-logo.jpg\" alt=\"\" width=\"100\" height=\"122\" srcset=\"https:\/\/www.fsv-dippoldiswalde.de\/de\/wp-content\/uploads\/ngg_featured\/fsv-logo.jpg 100w, https:\/\/www.fsv-dippoldiswalde.de\/de\/wp-content\/uploads\/ngg_featured\/fsv-logo-26x32.jpg 26w, https:\/\/www.fsv-dippoldiswalde.de\/de\/wp-content\/uploads\/ngg_featured\/fsv-logo-60x73.jpg 60w\" sizes=\"(max-width: 100px) 100vw, 100px\" \/><\/a><\/p>\n<p>&nbsp;<\/p>\n<h3>FSV Dippoldiswalde<\/h3>\n<h4>Liga: Teilnahme an Funino Kinderfestival Turnieren<\/h4>\n<div>&nbsp;<\/div>\n<div class=\"x_elementToProof\"><em>Kontakt:<br \/>\nMoritz Wei\u00df, Koordinator Kinderfu\u00dfball<br \/>\nMail: <a href=\"mailto:moritz.weiss@fsv-dippoldiswalde.de\">moritz.weiss@fsv-dippoldiswalde.de<\/a><\/em><\/div>\n<div class=\"x_elementToProof\"><em>Tel.: 0160 96643997<\/em><\/div>\n<p>&nbsp;<\/p>\n<p>Trainingszeiten:<\/p>\n<ul>\n<li>Dienstags 16.<sup>30<\/sup> &#8211; 18.<sup>00<\/sup> im Sportpark Dippoldiswalde<\/li>\n<\/ul>\n<p>Hallentrainingszeit Dez. &#8211; Feb.<\/p>\n<p>&nbsp;<\/p>\n<p>Trainerstab:<\/p>\n<ul>\n<li><strong>Trainer<\/strong>: Michael Raditzky<\/li>\n<\/ul>\n<p>&nbsp;<\/p>\n<p style=\"text-align: center;\"><strong>\u201eHalber Preis, aber voller Spa\u00df\u201c<\/strong><\/p>\n<p><img fetchpriority=\"high\" decoding=\"async\" src=\"https:\/\/www.fsv-dippoldiswalde.de\/de\/wp-content\/uploads\/2019\/03\/Funino-Turnier.jpg\" width=\"387\" height=\"260\"\/><\/p>\n<p><strong><em>Spielt ihr Kind gern Fu\u00dfball?<\/em><\/strong><\/p>\n<p>Dann ab zum FSV Dippoldiswalde\u2026<\/p>\n<p><strong><em>Was muss ich tun?<\/em><\/strong><\/p>\n<p>Einfach zu der untenstehenden Trainingszeit im Sportpark Dippoldiswalde vorbeikommen. Sportsachen mitbringen und los geht\u00b4s\u2026<\/p>\n<p>Ihr Kind kann 10x kostenfrei an Schnupper-Trainings teilnehmen.<\/p>\n<p>Selbst beim Schnupper-Training ist ihr Kind versichert, falls es sich verletzten sollte.<\/p>\n<p><strong><em>Wie geht es danach weiter?<\/em><\/strong><\/p>\n<p>Das Mitgliedschafts-Antragsformular ausf\u00fcllen (bekommen Sie vor Ort vom Trainer ausgeh\u00e4ndigt), Passbild und Kopie der Geburtsurkunde mitbringen. Fertig\u2026<\/p>\n<p>Anfangs zahlen unsere ganz kleinen Kicker nur den halben Beitrag von 4 EUR\/Monat.<\/p>\n<p>Ab dem 6. Lebensjahr sind dann g\u00fcnstige 8 EUR\/Monat zu zahlen. Dies ist im Vergleich zu anderen Sportarten sehr preiswert.<\/p>\n<p><strong><em>Was beinhaltet der Monatsbeitrag alles?<\/em><\/strong><\/p>\n<p>Ein interessantes, abwechslungsreiches und altersgerechtes Training von max. 90 Minuten pro Woche.<\/p>\n<p>Qualitative hochwertige Umkleidekabinen und Duschen im Sportpark Dippoldiswalde, sowie eine Vereinssportversicherung.<\/p>\n<p>Regelm\u00e4\u00dfige werden Freundschaftsspiele gegen andere Bambini-Mannschaften aus dem Umkreis von Dippoldiswalde durchgef\u00fchrt.<\/p>\n<p><img decoding=\"async\" src=\"https:\/\/www.fsv-dippoldiswalde.de\/de\/wp-content\/gallery\/bamini-2-spiel-17_18\/01.11.2017-20171024_181651_resized-Saison-2017_18.jpg\" width=\"394\" height=\"296\" data-temp-aztec-id=\"7d8c3f86-e21d-4fe3-ac63-fe579cf6d493\"\/><\/p>\n<p><img loading=\"lazy\" decoding=\"async\" src=\"https:\/\/www.fsv-dippoldiswalde.de\/de\/wp-content\/gallery\/f-jugend-funino-turnier\/10.03.2019-20190310_091751_resized-Saison-2018_19.jpg\" width=\"401\" height=\"301\"\/><\/p>\n<p style=\"text-align: center;\"><strong><em>Auf was warten Sie noch?<\/em><\/strong> <em><strong>Kommen sie vorbei. Unsere Trainer freuen sich schon auf Sie und ihr Kind\u2026<\/strong><\/em><\/p>\n<p style=\"text-align: center;\"><strong><a style=\"color: #ff0000;\" href=\"https:\/\/www.fsv-dippoldiswalde.de\/de\/wp-content\/uploads\/2020\/04\/A4-Gutschein-Schnuppertraining-ab-06_23_2_Homepage.pdf\" target=\"_blank\" rel=\"noopener noreferrer\">Download Gutschein f\u00fcr 10 Schnuppertrainingsheinheiten<\/a><\/strong><\/p>\n<p style=\"text-align: center;\">&nbsp;<\/p>\n<p>&nbsp;<\/p>\n<p style=\"font-style: inherit;\">Wir halten dies f\u00fcr den Wegweiser in die richtige Richtung, um ALLEN F-Jugendlichen ohne Druck und mit viel Spielfreude die h\u00f6chstm\u00f6gliche Anzahl an Ballkontakten und Spielerfahrung zu verschaffen.<\/p>\n<p><a href=\"https:\/\/www.fsv-dippoldiswalde.de\/de\/wp-content\/uploads\/2019\/03\/Funino-Turnier.jpg\"><img loading=\"lazy\" decoding=\"async\" class=\"wp-image-31415 aligncenter\" src=\"https:\/\/www.fsv-dippoldiswalde.de\/de\/wp-content\/uploads\/2019\/03\/Funino-Turnier.jpg\" alt=\"\" width=\"393\" height=\"264\" srcset=\"https:\/\/www.fsv-dippoldiswalde.de\/de\/wp-content\/uploads\/2019\/03\/Funino-Turnier.jpg 1080w, https:\/\/www.fsv-dippoldiswalde.de\/de\/wp-content\/uploads\/2019\/03\/Funino-Turnier-300x201.jpg 300w, https:\/\/www.fsv-dippoldiswalde.de\/de\/wp-content\/uploads\/2019\/03\/Funino-Turnier-768x516.jpg 768w, https:\/\/www.fsv-dippoldiswalde.de\/de\/wp-content\/uploads\/2019\/03\/Funino-Turnier-1024x687.jpg 1024w, https:\/\/www.fsv-dippoldiswalde.de\/de\/wp-content\/uploads\/2019\/03\/Funino-Turnier-600x403.jpg 600w, https:\/\/www.fsv-dippoldiswalde.de\/de\/wp-content\/uploads\/2019\/03\/Funino-Turnier-128x86.jpg 128w, https:\/\/www.fsv-dippoldiswalde.de\/de\/wp-content\/uploads\/2019\/03\/Funino-Turnier-32x21.jpg 32w\" sizes=\"(max-width: 393px) 100vw, 393px\" \/><\/a><\/p>\n<p><strong>Kleiner FUNi\u00f1o-Leitfaden:<\/strong><\/p>\n<ul>\n<li>Entwickelt von Horst Wein (ehemaliger Hockey-Nationaltrainer Deutschlands und Trainingsanalyst des FC Barcelona)<\/li>\n<li>Wortzusammensetzung aus&nbsp;<em style=\"font-weight: inherit;\">fun<\/em>(engl. \u201eSpa\u00df\u201c) und&nbsp;<em style=\"font-weight: inherit;\">ni\u00f1o<\/em>&nbsp;(spanisch f\u00fcr \u201eKind\u201c)<\/li>\n<li>Gespielt wird 3 gegen 3 auf vier Minitore<\/li>\n<li>Nach jedem Tore wird in einer klaren Reihenfolge ein Spieler ein- und einer ausgewechselt. So haben alle Kinder zeitlich gleiche Spielanteile.<\/li>\n<li>Es wird auf einige, zu vernachl\u00e4ssigende Elemente des Erwachsenen-Fu\u00dfballs (wie Eckball, Absto\u00df, Einw\u00fcrfe) verzichtet.<\/li>\n<li>FUNi\u00f1o f\u00f6rdert gleicherma\u00dfen das Dribbling, die Ballkontaktzahl eines jeden Spielers, das Zusammenspiel im Dreieck, das r\u00e4umliche Sehen und die Kreativit\u00e4t.<\/li>\n<li>FUNi\u00f1o dient der Entwicklung der sportlichen F\u00e4higkeiten der Spieler, nicht dem Erfolg im Mannschaftswettbewerb.<\/li>\n<\/ul>\n<p>&nbsp;<\/p>\n<p style=\"text-align: center;\"><strong><a href=\"https:\/\/www.fsv-dippoldiswalde.de\/de\/wp-content\/uploads\/2020\/04\/A4-Gutschein-Schnuppertraining-ab-06_23_2_Homepage.pdf\" target=\"_blank\" rel=\"noopener noreferrer\"><span style=\"color: #ff0000;\">Download Gutschein f\u00fcr 10 Schnuppertrainingsheinheiten<\/span><\/a><\/strong><\/p>\n<p>&nbsp;<\/p>\n<h3>\n&nbsp;&nbsp;<\/h3>\n<div class=\"factfile-headline\">\n<h3 class=\"headline\" style=\"text-align: center;\"><span style=\"color: #808080;\"><strong>SPIELST\u00c4TTEN<\/strong><\/span><\/h3>\n<\/div>\n<div class=\"factfile-data\">\n<div class=\"row\">\n<div class=\"column-right\">\n<div class=\"column-left\">\n<div class=\"label\" style=\"text-align: center;\">01.08.2024 &#8211; 31.07.2025<\/div>\n<\/div>\n<div class=\"column-right\">\n<div class=\"value\" style=\"text-align: center;\">SPORTPARK DIPPOLDISWALDE, AM GYMNASIUM 7<br \/>\n01744 DIPPOLDISWALDE<\/div>\n<\/div>\n<p class=\"value\" style=\"text-align: center;\">&nbsp;<\/p>\n<\/div>\n<\/div>\n<\/div>\n<p><span style=\"color: #ffffff;\">.<\/span><\/p>\n<p><span style=\"line-height: 36px;\"><\/p>\n<p><\/span><\/p>\n","protected":false},"excerpt":{"rendered":"<p>&nbsp; FSV Dippoldiswalde Liga: Teilnahme an Funino Kinderfestival Turnieren &nbsp; Kontakt: Moritz Wei\u00df, Koordinator Kinderfu\u00dfball Mail: moritz.weiss@fsv-dippoldiswalde.de Tel.: 0160 96643997&#46;&#46;&#46;<\/p>\n","protected":false},"author":2,"featured_media":0,"parent":2740,"menu_order":1,"comment_status":"closed","ping_status":"closed","template":"","meta":{"ngg_post_thumbnail":0,"footnotes":"","_links_to":"","_links_to_target":""},"class_list":["post-28","page","type-page","status-publish","hentry"],"_links":{"self":[{"href":"https:\/\/www.fsv-dippoldiswalde.de\/de\/wp-json\/wp\/v2\/pages\/28","targetHints":{"allow":["GET"]}}],"collection":[{"href":"https:\/\/www.fsv-dippoldiswalde.de\/de\/wp-json\/wp\/v2\/pages"}],"about":[{"href":"https:\/\/www.fsv-dippoldiswalde.de\/de\/wp-json\/wp\/v2\/types\/page"}],"author":[{"embeddable":true,"href":"https:\/\/www.fsv-dippoldiswalde.de\/de\/wp-json\/wp\/v2\/users\/2"}],"replies":[{"embeddable":true,"href":"https:\/\/www.fsv-dippoldiswalde.de\/de\/wp-json\/wp\/v2\/comments?post=28"}],"version-history":[{"count":80,"href":"https:\/\/www.fsv-dippoldiswalde.de\/de\/wp-json\/wp\/v2\/pages\/28\/revisions"}],"predecessor-version":[{"id":48569,"href":"https:\/\/www.fsv-dippoldiswalde.de\/de\/wp-json\/wp\/v2\/pages\/28\/revisions\/48569"}],"up":[{"embeddable":true,"href":"https:\/\/www.fsv-dippoldiswalde.de\/de\/wp-json\/wp\/v2\/pages\/2740"}],"wp:attachment":[{"href":"https:\/\/www.fsv-dippoldiswalde.de\/de\/wp-json\/wp\/v2\/media?parent=28"}],"curies":[{"name":"wp","href":"https:\/\/api.w.org\/{rel}","templated":true}]}}