{"id":26,"date":"2011-08-02T13:00:34","date_gmt":"2011-08-02T11:00:34","guid":{"rendered":"http:\/\/www.fsv-dippoldiswalde.de\/wordpress\/?page_id=26"},"modified":"2025-09-12T10:05:42","modified_gmt":"2025-09-12T08:05:42","slug":"e-jugend-mannschaft","status":"publish","type":"page","link":"https:\/\/www.fsv-dippoldiswalde.de\/de\/nachwuchsmannschaften\/kinderfussball\/e-jugend\/e-jugend-mannschaft\/","title":{"rendered":"E-Jugend Mannschaft (U11)"},"content":{"rendered":"<p><a href=\"https:\/\/www.fsv-dippoldiswalde.de\/de\/wp-content\/uploads\/ngg_featured\/fsv-logo.jpg\"><img decoding=\"async\" class=\"alignleft wp-image-12789\" src=\"https:\/\/www.fsv-dippoldiswalde.de\/de\/wp-content\/uploads\/ngg_featured\/fsv-logo.jpg\" alt=\"\" width=\"100\" height=\"122\" srcset=\"https:\/\/www.fsv-dippoldiswalde.de\/de\/wp-content\/uploads\/ngg_featured\/fsv-logo.jpg 100w, https:\/\/www.fsv-dippoldiswalde.de\/de\/wp-content\/uploads\/ngg_featured\/fsv-logo-26x32.jpg 26w, https:\/\/www.fsv-dippoldiswalde.de\/de\/wp-content\/uploads\/ngg_featured\/fsv-logo-60x73.jpg 60w\" sizes=\"(max-width: 100px) 100vw, 100px\" \/><\/a><\/p>\n<div class=\"x_elementToProof\">\n<p>&nbsp;<\/p>\n<h3>FSV Dippoldiswalde<\/h3>\n<h4>Liga: Teilnahme an Funino Kinderfestival Turnieren<\/h4>\n<div>&nbsp;<\/div>\n<div class=\"x_elementToProof\"><em>Kontakt:<br \/>\nMoritz Wei\u00df, Koordinator Kinderfu\u00dfball<br \/>\nMail: <a href=\"mailto:moritz.weiss@fsv-dippoldiswalde.de\">moritz.weiss@fsv-dippoldiswalde.de<\/a><\/em><\/div>\n<div class=\"x_elementToProof\"><em>Tel.: 0160 96643997<\/em><\/div>\n<\/div>\n<p>&nbsp;<\/p>\n<p>Trainingszeiten: &nbsp;<\/p>\n<ul>\n<li>Dienstags und Donnerstags&nbsp;16.<sup>30<\/sup> &#8211; 18.<sup>00<\/sup> im Sportpark Dippoldiswalde<\/li>\n<\/ul>\n<p>Hallentrainingszeit Dez. &#8211; Feb.<\/p>\n<p>&nbsp;<\/p>\n<p>Trainerstab:<\/p>\n<ul>\n<li><strong>Mannschaftsleiter<\/strong>: Sven K\u00f6nig<\/li>\n<\/ul>\n<p>&nbsp;<\/p>\n<p style=\"text-align: center;\"><strong>\u201eHalber Preis, aber voller Spa\u00df\u201c<\/strong><\/p>\n<p><img fetchpriority=\"high\" decoding=\"async\" src=\"https:\/\/www.fsv-dippoldiswalde.de\/de\/wp-content\/uploads\/2019\/03\/Funino-Turnier.jpg\" width=\"387\" height=\"260\"\/><\/p>\n<p><strong><em>Spielt ihr Kind gern Fu\u00dfball?<\/em><\/strong><\/p>\n<p>Dann ab zum FSV Dippoldiswalde\u2026<\/p>\n<p><strong><em>Was muss ich tun?<\/em><\/strong><\/p>\n<p>Einfach zu der untenstehenden Trainingszeit im Sportpark Dippoldiswalde vorbeikommen. Sportsachen mitbringen und los geht\u00b4s\u2026<\/p>\n<p>Ihr Kind kann 10x kostenfrei an Schnupper-Trainings teilnehmen.<\/p>\n<p>Selbst beim Schnupper-Training ist ihr Kind versichert, falls es sich verletzten sollte.<\/p>\n<p><strong><em>Wie geht es danach weiter?<\/em><\/strong><\/p>\n<p>Das Mitgliedschafts-Antragsformular ausf\u00fcllen (bekommen Sie vor Ort vom Trainer ausgeh\u00e4ndigt), Passbild und Kopie der Geburtsurkunde mitbringen. Fertig\u2026<\/p>\n<p>Anfangs zahlen unsere ganz kleinen Kicker nur den halben Beitrag von 4 EUR\/Monat.<\/p>\n<p>Ab dem 6. Lebensjahr sind dann g\u00fcnstige 8 EUR\/Monat zu zahlen. Dies ist im Vergleich zu anderen Sportarten sehr preiswert.<\/p>\n<p><strong><em>Was beinhaltet der Monatsbeitrag alles?<\/em><\/strong><\/p>\n<p>Ein interessantes, abwechslungsreiches und altersgerechtes Training von max. 90 Minuten pro Woche.<\/p>\n<p>Qualitative hochwertige Umkleidekabinen und Duschen im Sportpark Dippoldiswalde, sowie eine Vereinssportversicherung.<\/p>\n<p>Regelm\u00e4\u00dfige werden Freundschaftsspiele gegen andere Bambini-Mannschaften aus dem Umkreis von Dippoldiswalde durchgef\u00fchrt.<\/p>\n<p><img decoding=\"async\" src=\"https:\/\/www.fsv-dippoldiswalde.de\/de\/wp-content\/gallery\/bamini-2-spiel-17_18\/01.11.2017-20171024_181651_resized-Saison-2017_18.jpg\" width=\"394\" height=\"296\" data-temp-aztec-id=\"7d8c3f86-e21d-4fe3-ac63-fe579cf6d493\"\/><\/p>\n<p><img loading=\"lazy\" decoding=\"async\" src=\"https:\/\/www.fsv-dippoldiswalde.de\/de\/wp-content\/gallery\/f-jugend-funino-turnier\/10.03.2019-20190310_091751_resized-Saison-2018_19.jpg\" width=\"401\" height=\"301\"\/><\/p>\n<p style=\"text-align: center;\"><strong><em>Auf was warten Sie noch?<\/em><\/strong> <em><strong>Kommen sie vorbei. Unsere Trainer freuen sich schon auf Sie und ihr Kind\u2026<\/strong><\/em><\/p>\n<p style=\"text-align: center;\"><strong><a style=\"color: #ff0000;\" href=\"https:\/\/www.fsv-dippoldiswalde.de\/de\/wp-content\/uploads\/2020\/04\/A4-Gutschein-Schnuppertraining-ab-06_23_2_Homepage.pdf\" target=\"_blank\" rel=\"noopener noreferrer\">Download Gutschein f\u00fcr 10 Schnuppertrainingsheinheiten<\/a><\/strong><\/p>\n<p>&nbsp; &nbsp; &nbsp; &nbsp; &nbsp;<\/p>\n<p>&nbsp;<\/p>\n<div class=\"factfile-headline\">\n<div class=\"factfile-headline\">\n<h3 class=\"headline\" style=\"text-align: center;\"><strong>SPIELST\u00c4TTEN<\/strong><\/h3>\n<\/div>\n<div class=\"factfile-data\">\n<div class=\"row\">\n<div class=\"column-left\">\n<div class=\"label\" style=\"text-align: center;\">01.08.2024 &#8211; 31.07.2025<\/div>\n<\/div>\n<div class=\"column-right\">\n<div class=\"value\" style=\"text-align: center;\">SPORTPARK DIPPOLDISWALDE, AM GYMNASIUM 7<br \/>\n01744 DIPPOLDISWALDE<\/div>\n<\/div>\n<\/div>\n<\/div>\n<p>.<\/p>\n<\/div>\n<div class=\"factfile-data\">\n<div class=\"row\">\n<div class=\"column-right\">&nbsp;<\/div>\n<\/div>\n<\/div>\n<p>&nbsp;<\/p>\n<p style=\"text-align: center;\">&nbsp;<\/p>\n<p>&nbsp;<\/p>\n<p>&nbsp;<\/p>\n","protected":false},"excerpt":{"rendered":"<p>&nbsp; FSV Dippoldiswalde Liga: Teilnahme an Funino Kinderfestival Turnieren &nbsp; Kontakt: Moritz Wei\u00df, Koordinator Kinderfu\u00dfball Mail: moritz.weiss@fsv-dippoldiswalde.de Tel.: 0160 96643997&#46;&#46;&#46;<\/p>\n","protected":false},"author":2,"featured_media":0,"parent":2730,"menu_order":1,"comment_status":"closed","ping_status":"closed","template":"","meta":{"ngg_post_thumbnail":0,"footnotes":"","_links_to":"","_links_to_target":""},"class_list":["post-26","page","type-page","status-publish","hentry"],"_links":{"self":[{"href":"https:\/\/www.fsv-dippoldiswalde.de\/de\/wp-json\/wp\/v2\/pages\/26","targetHints":{"allow":["GET"]}}],"collection":[{"href":"https:\/\/www.fsv-dippoldiswalde.de\/de\/wp-json\/wp\/v2\/pages"}],"about":[{"href":"https:\/\/www.fsv-dippoldiswalde.de\/de\/wp-json\/wp\/v2\/types\/page"}],"author":[{"embeddable":true,"href":"https:\/\/www.fsv-dippoldiswalde.de\/de\/wp-json\/wp\/v2\/users\/2"}],"replies":[{"embeddable":true,"href":"https:\/\/www.fsv-dippoldiswalde.de\/de\/wp-json\/wp\/v2\/comments?post=26"}],"version-history":[{"count":110,"href":"https:\/\/www.fsv-dippoldiswalde.de\/de\/wp-json\/wp\/v2\/pages\/26\/revisions"}],"predecessor-version":[{"id":48584,"href":"https:\/\/www.fsv-dippoldiswalde.de\/de\/wp-json\/wp\/v2\/pages\/26\/revisions\/48584"}],"up":[{"embeddable":true,"href":"https:\/\/www.fsv-dippoldiswalde.de\/de\/wp-json\/wp\/v2\/pages\/2730"}],"wp:attachment":[{"href":"https:\/\/www.fsv-dippoldiswalde.de\/de\/wp-json\/wp\/v2\/media?parent=26"}],"curies":[{"name":"wp","href":"https:\/\/api.w.org\/{rel}","templated":true}]}}